{"id":1020,"date":"2023-04-28T07:33:24","date_gmt":"2023-04-28T07:33:24","guid":{"rendered":"https:\/\/yogaslowflow.com\/?page_id=1020"},"modified":"2023-04-28T07:33:25","modified_gmt":"2023-04-28T07:33:25","slug":"declaracion-de-accesibilidad","status":"publish","type":"page","link":"https:\/\/yogaslowflow.com\/index.php\/declaracion-de-accesibilidad\/","title":{"rendered":"Declaraci\u00f3n de accesibilidad"},"content":{"rendered":"\n<h3 class=\"wp-block-heading\"><strong>Accesibilidad<\/strong><\/h3>\n\n\n\n<p>Yoga Slow Flow se ha comprometido a hacer accesible su sitio web, de conformidad con el Real Decreto 1112\/2018, de 7 de septiembre, sobre accesibilidad de los sitios web y aplicaciones para dispositivos m\u00f3viles del sector p\u00fablico.<\/p>\n\n\n\n<p>La presente declaraci\u00f3n de accesibilidad se aplica al sitio web <a href=\"https:\/\/yogaslowflow.com\/\" target=\"_blank\" rel=\"noreferrer noopener\">https:\/\/yogaslowflow.com\/<\/a><\/p>\n\n\n\n<h3 class=\"wp-block-heading\"><strong>Situaci\u00f3n de cumplimiento<\/strong><\/h3>\n\n\n\n<p>Este sitio web es parcialmente conforme con el RD 1112\/2018 debido a las excepciones y a la falta de conformidad de los aspectos que se indican en el siguiente punto.<\/p>\n\n\n\n<h4 class=\"wp-block-heading\"><strong>Contenido no accesible<\/strong><\/h4>\n\n\n\n<p>El contenido que se recoge a continuaci\u00f3n no es accesible por lo siguiente:<\/p>\n\n\n\n<p>Falta de conformidad con el RD 1112\/2018<br>No aplica<br>Carga desproporcionada<br>No aplica.<br>El contenido no entra dentro del \u00e1mbito de la legislaci\u00f3n aplicable<br>No aplica<\/p>\n\n\n\n<p>Preparaci\u00f3n para la siguiente declaraci\u00f3n de accesibilidad<\/p>\n\n\n\n<p>La presente declaraci\u00f3n fue preparada el 18 de Abril de 2023.<\/p>\n\n\n\n<p>El m\u00e9todo empleado para preparar la declaraci\u00f3n ha sido una autoevaluaci\u00f3n llevada a cabo con herramientas externas.<\/p>\n\n\n\n<h3 class=\"wp-block-heading\"><strong>Observaciones y datos de contacto<\/strong><\/h3>\n\n\n\n<p>Puede realizar comunicaciones sobre requisitos de accesibilidad (art\u00edculo 10.2.a del RD 1112\/2018) como, por ejemplo:<\/p>\n\n\n\n<p>Informar sobre cualquier posible incumplimiento por parte de este sitio web<br>Transmitir otras dificultades de acceso al contenido<br>Formular cualquier otra consulta o sugerencia de mejora relativa a la accesibilidad del sitio web a trav\u00e9s del formulario de contacto de este sitio web o a trav\u00e9s del n\u00famero de tel\u00e9fono&nbsp;<strong>978 60 93 51<\/strong><\/p>\n\n\n\n<h4 class=\"wp-block-heading\"><strong>Puede presentar:<\/strong><\/h4>\n\n\n\n<ul class=\"wp-block-list\">\n<li>Queja relativa al cumplimiento de los requisitos del RD 1112\/2018 o Solicitud de Informaci\u00f3n accesible relativa a:\n<ul class=\"wp-block-list\">\n<li>Contenidos que est\u00e1n excluidos del \u00e1mbito de aplicaci\u00f3n del RD 1112\/2018 seg\u00fan lo establecido por el art\u00edculo 3, apartado 4<\/li>\n\n\n\n<li>Contenidos que est\u00e1n exentos del cumplimiento de los requisitos de accesibilidad por imponer una carga desproporcionada<\/li>\n<\/ul>\n<\/li>\n<\/ul>\n\n\n\n<p>En la Solicitud de informaci\u00f3n accesible, se debe concretar, con toda claridad, los hechos, razones y petici\u00f3n que permitan constatar que se trata de una solicitud razonable y leg\u00edtima.<\/p>\n\n\n\n<p>Las quejas y reclamaciones sobre informaci\u00f3n accesible se realizar\u00e1n a trav\u00e9s del formulario de contacto (<a href=\"https:\/\/yogaslowflow.com\/\" target=\"_blank\" rel=\"noreferrer noopener\">https:\/\/yogaslowflow.com\/<\/a>), y ser\u00e1n recibidas y tratadas por los responsables de dise\u00f1o web de la empresa.<\/p>\n\n\n\n<h3 class=\"wp-block-heading\"><strong>Contenido opcional<\/strong><\/h3>\n\n\n\n<p>Este portal est\u00e1 dise\u00f1ado para poder cambiar el tama\u00f1o del texto y el color, as\u00ed como el fondo de la p\u00e1gina mediante las opciones de configuraci\u00f3n est\u00e1ndar de los navegadores.<\/p>\n\n\n\n<p>Si desea cambiar el tama\u00f1o de letra del texto en los principales navegadores gr\u00e1ficos utilice los siguientes men\u00fas:<\/p>\n\n\n\n<p>Internet Explorer, Mozilla y Firefox: Ver &gt; Tama\u00f1o del texto<br>Opera: Ver &gt; Zoom<br>Safari: Ver &gt; Hacer el texto m\u00e1s grande<br>Chrome: Controla la p\u00e1gina actual &gt; Tama\u00f1o del texto<br>Para modificar el tama\u00f1o de todo en la p\u00e1gina:<br>Ctrl + + para aumentarlo<br>Ctrl + \u2013 para disminuirlo<br>Ctrl + 0 restaura el tama\u00f1o original del texto<br>Si lo que quiere es anular la hoja de estilos o modificar el color del texto, puede consultar la p\u00e1gina How to Change Text Size or Colors de la WAI, que se puede leer traducida al espa\u00f1ol en \u00bfC\u00f3mo cambiar el tama\u00f1o del texto o colores?<\/p>\n\n\n\n<h3 class=\"wp-block-heading\"><strong>Durante el proceso de navegaci\u00f3n, el usuario tiene disponible la herramienta de One Click Accessibility (Accesibilidad con un clic).<\/strong><\/h3>\n\n\n\n<p>One Click Accessibility a\u00f1ade una serie de \u00fatiles funciones de accesibilidad con un m\u00ednimo de configuraci\u00f3n y sin necesidad de conocimientos especializados.<\/p>\n\n\n\n<h5 class=\"wp-block-heading\"><strong>Funciones de la barra de herramientas de accesibilidad:<\/strong><\/h5>\n\n\n\n<p>Cambiar el tama\u00f1o de la fuente (aumentar\/disminuir)<br>Escala de grises<br>Contraste negativo<br>Contraste alto<br>Fondo claro<br>Enlaces Subrayado<br>Fuente legible<br>Enlace a las p\u00e1ginas Mapa del sitio \/ Declaraci\u00f3n de accesibilidad<\/p>\n\n\n\n<p><\/p>\n\n\n\n<p><\/p>\n\n\n\n<p><\/p>\n\n\n\n<p><\/p>\n","protected":false},"excerpt":{"rendered":"<p>Accesibilidad Yoga Slow Flow se ha comprometido a hacer accesible su sitio web, de conformidad con el Real Decreto 1112\/2018, de 7 de septiembre, sobre accesibilidad de los sitios web y aplicaciones para dispositivos m\u00f3viles del sector p\u00fablico. La presente declaraci\u00f3n de accesibilidad se aplica al sitio web https:\/\/yogaslowflow.com\/ Situaci\u00f3n de cumplimiento Este sitio web [&hellip;]<\/p>\n","protected":false},"author":1,"featured_media":0,"parent":0,"menu_order":0,"comment_status":"closed","ping_status":"closed","template":"","meta":{"om_disable_all_campaigns":false,"_monsterinsights_skip_tracking":false,"_monsterinsights_sitenote_active":false,"_monsterinsights_sitenote_note":"","_monsterinsights_sitenote_category":0,"_themeisle_gutenberg_block_has_review":false,"footnotes":""},"class_list":["post-1020","page","type-page","status-publish","hentry"],"aioseo_notices":[],"yoast_head":"<!-- This site is optimized with the Yoast SEO plugin v20.3 - https:\/\/yoast.com\/wordpress\/plugins\/seo\/ -->\n<title>Declaraci\u00f3n de accesibilidad - YOGA SLOWFLOW<\/title>\n<meta name=\"robots\" content=\"index, follow, max-snippet:-1, max-image-preview:large, max-video-preview:-1\" \/>\n<link rel=\"canonical\" href=\"https:\/\/yogaslowflow.com\/index.php\/declaracion-de-accesibilidad\/\" \/>\n<meta property=\"og:locale\" content=\"es_ES\" \/>\n<meta property=\"og:type\" content=\"article\" \/>\n<meta property=\"og:title\" content=\"Declaraci\u00f3n de accesibilidad - YOGA SLOWFLOW\" \/>\n<meta property=\"og:description\" content=\"Accesibilidad Yoga Slow Flow se ha comprometido a hacer accesible su sitio web, de conformidad con el Real Decreto 1112\/2018, de 7 de septiembre, sobre accesibilidad de los sitios web y aplicaciones para dispositivos m\u00f3viles del sector p\u00fablico. La presente declaraci\u00f3n de accesibilidad se aplica al sitio web https:\/\/yogaslowflow.com\/ Situaci\u00f3n de cumplimiento Este sitio web [&hellip;]\" \/>\n<meta property=\"og:url\" content=\"https:\/\/yogaslowflow.com\/index.php\/declaracion-de-accesibilidad\/\" \/>\n<meta property=\"og:site_name\" content=\"YOGA SLOWFLOW\" \/>\n<meta property=\"article:modified_time\" content=\"2023-04-28T07:33:25+00:00\" \/>\n<meta name=\"twitter:card\" content=\"summary_large_image\" \/>\n<meta name=\"twitter:label1\" content=\"Tiempo de lectura\" \/>\n\t<meta name=\"twitter:data1\" content=\"3 minutos\" \/>\n<script type=\"application\/ld+json\" class=\"yoast-schema-graph\">{\"@context\":\"https:\/\/schema.org\",\"@graph\":[{\"@type\":\"WebPage\",\"@id\":\"https:\/\/yogaslowflow.com\/index.php\/declaracion-de-accesibilidad\/\",\"url\":\"https:\/\/yogaslowflow.com\/index.php\/declaracion-de-accesibilidad\/\",\"name\":\"Declaraci\u00f3n de accesibilidad - YOGA SLOWFLOW\",\"isPartOf\":{\"@id\":\"https:\/\/yogaslowflow.com\/#website\"},\"datePublished\":\"2023-04-28T07:33:24+00:00\",\"dateModified\":\"2023-04-28T07:33:25+00:00\",\"breadcrumb\":{\"@id\":\"https:\/\/yogaslowflow.com\/index.php\/declaracion-de-accesibilidad\/#breadcrumb\"},\"inLanguage\":\"es\",\"potentialAction\":[{\"@type\":\"ReadAction\",\"target\":[\"https:\/\/yogaslowflow.com\/index.php\/declaracion-de-accesibilidad\/\"]}]},{\"@type\":\"BreadcrumbList\",\"@id\":\"https:\/\/yogaslowflow.com\/index.php\/declaracion-de-accesibilidad\/#breadcrumb\",\"itemListElement\":[{\"@type\":\"ListItem\",\"position\":1,\"name\":\"Portada\",\"item\":\"https:\/\/yogaslowflow.com\/\"},{\"@type\":\"ListItem\",\"position\":2,\"name\":\"Declaraci\u00f3n de accesibilidad\"}]},{\"@type\":\"WebSite\",\"@id\":\"https:\/\/yogaslowflow.com\/#website\",\"url\":\"https:\/\/yogaslowflow.com\/\",\"name\":\"YOGA SLOWFLOW\",\"description\":\"Follow your breath\",\"publisher\":{\"@id\":\"https:\/\/yogaslowflow.com\/#organization\"},\"potentialAction\":[{\"@type\":\"SearchAction\",\"target\":{\"@type\":\"EntryPoint\",\"urlTemplate\":\"https:\/\/yogaslowflow.com\/?s={search_term_string}\"},\"query-input\":\"required name=search_term_string\"}],\"inLanguage\":\"es\"},{\"@type\":\"Organization\",\"@id\":\"https:\/\/yogaslowflow.com\/#organization\",\"name\":\"YOGA SLOWFLOW\",\"url\":\"https:\/\/yogaslowflow.com\/\",\"logo\":{\"@type\":\"ImageObject\",\"inLanguage\":\"es\",\"@id\":\"https:\/\/yogaslowflow.com\/#\/schema\/logo\/image\/\",\"url\":\"https:\/\/yogaslowflow.com\/wp-content\/uploads\/2023\/04\/logo_yoga.png\",\"contentUrl\":\"https:\/\/yogaslowflow.com\/wp-content\/uploads\/2023\/04\/logo_yoga.png\",\"width\":3341,\"height\":3232,\"caption\":\"YOGA SLOWFLOW\"},\"image\":{\"@id\":\"https:\/\/yogaslowflow.com\/#\/schema\/logo\/image\/\"},\"sameAs\":[\"https:\/\/www.instagram.com\/yoga_slow_flow\/\"]}]}<\/script>\n<!-- \/ Yoast SEO plugin. -->","yoast_head_json":{"title":"Declaraci\u00f3n de accesibilidad - YOGA SLOWFLOW","robots":{"index":"index","follow":"follow","max-snippet":"max-snippet:-1","max-image-preview":"max-image-preview:large","max-video-preview":"max-video-preview:-1"},"canonical":"https:\/\/yogaslowflow.com\/index.php\/declaracion-de-accesibilidad\/","og_locale":"es_ES","og_type":"article","og_title":"Declaraci\u00f3n de accesibilidad - YOGA SLOWFLOW","og_description":"Accesibilidad Yoga Slow Flow se ha comprometido a hacer accesible su sitio web, de conformidad con el Real Decreto 1112\/2018, de 7 de septiembre, sobre accesibilidad de los sitios web y aplicaciones para dispositivos m\u00f3viles del sector p\u00fablico. La presente declaraci\u00f3n de accesibilidad se aplica al sitio web https:\/\/yogaslowflow.com\/ Situaci\u00f3n de cumplimiento Este sitio web [&hellip;]","og_url":"https:\/\/yogaslowflow.com\/index.php\/declaracion-de-accesibilidad\/","og_site_name":"YOGA SLOWFLOW","article_modified_time":"2023-04-28T07:33:25+00:00","twitter_card":"summary_large_image","twitter_misc":{"Tiempo de lectura":"3 minutos"},"schema":{"@context":"https:\/\/schema.org","@graph":[{"@type":"WebPage","@id":"https:\/\/yogaslowflow.com\/index.php\/declaracion-de-accesibilidad\/","url":"https:\/\/yogaslowflow.com\/index.php\/declaracion-de-accesibilidad\/","name":"Declaraci\u00f3n de accesibilidad - YOGA SLOWFLOW","isPartOf":{"@id":"https:\/\/yogaslowflow.com\/#website"},"datePublished":"2023-04-28T07:33:24+00:00","dateModified":"2023-04-28T07:33:25+00:00","breadcrumb":{"@id":"https:\/\/yogaslowflow.com\/index.php\/declaracion-de-accesibilidad\/#breadcrumb"},"inLanguage":"es","potentialAction":[{"@type":"ReadAction","target":["https:\/\/yogaslowflow.com\/index.php\/declaracion-de-accesibilidad\/"]}]},{"@type":"BreadcrumbList","@id":"https:\/\/yogaslowflow.com\/index.php\/declaracion-de-accesibilidad\/#breadcrumb","itemListElement":[{"@type":"ListItem","position":1,"name":"Portada","item":"https:\/\/yogaslowflow.com\/"},{"@type":"ListItem","position":2,"name":"Declaraci\u00f3n de accesibilidad"}]},{"@type":"WebSite","@id":"https:\/\/yogaslowflow.com\/#website","url":"https:\/\/yogaslowflow.com\/","name":"YOGA SLOWFLOW","description":"Follow your breath","publisher":{"@id":"https:\/\/yogaslowflow.com\/#organization"},"potentialAction":[{"@type":"SearchAction","target":{"@type":"EntryPoint","urlTemplate":"https:\/\/yogaslowflow.com\/?s={search_term_string}"},"query-input":"required name=search_term_string"}],"inLanguage":"es"},{"@type":"Organization","@id":"https:\/\/yogaslowflow.com\/#organization","name":"YOGA SLOWFLOW","url":"https:\/\/yogaslowflow.com\/","logo":{"@type":"ImageObject","inLanguage":"es","@id":"https:\/\/yogaslowflow.com\/#\/schema\/logo\/image\/","url":"https:\/\/yogaslowflow.com\/wp-content\/uploads\/2023\/04\/logo_yoga.png","contentUrl":"https:\/\/yogaslowflow.com\/wp-content\/uploads\/2023\/04\/logo_yoga.png","width":3341,"height":3232,"caption":"YOGA SLOWFLOW"},"image":{"@id":"https:\/\/yogaslowflow.com\/#\/schema\/logo\/image\/"},"sameAs":["https:\/\/www.instagram.com\/yoga_slow_flow\/"]}]}},"jetpack_sharing_enabled":true,"_links":{"self":[{"href":"https:\/\/yogaslowflow.com\/index.php\/wp-json\/wp\/v2\/pages\/1020","targetHints":{"allow":["GET"]}}],"collection":[{"href":"https:\/\/yogaslowflow.com\/index.php\/wp-json\/wp\/v2\/pages"}],"about":[{"href":"https:\/\/yogaslowflow.com\/index.php\/wp-json\/wp\/v2\/types\/page"}],"author":[{"embeddable":true,"href":"https:\/\/yogaslowflow.com\/index.php\/wp-json\/wp\/v2\/users\/1"}],"replies":[{"embeddable":true,"href":"https:\/\/yogaslowflow.com\/index.php\/wp-json\/wp\/v2\/comments?post=1020"}],"version-history":[{"count":3,"href":"https:\/\/yogaslowflow.com\/index.php\/wp-json\/wp\/v2\/pages\/1020\/revisions"}],"predecessor-version":[{"id":1023,"href":"https:\/\/yogaslowflow.com\/index.php\/wp-json\/wp\/v2\/pages\/1020\/revisions\/1023"}],"wp:attachment":[{"href":"https:\/\/yogaslowflow.com\/index.php\/wp-json\/wp\/v2\/media?parent=1020"}],"curies":[{"name":"wp","href":"https:\/\/api.w.org\/{rel}","templated":true}]}}