{"id":1027,"date":"2023-04-28T07:40:38","date_gmt":"2023-04-28T07:40:38","guid":{"rendered":"https:\/\/yogaslowflow.com\/?page_id=1027"},"modified":"2023-04-28T07:40:39","modified_gmt":"2023-04-28T07:40:39","slug":"politica-de-cookies","status":"publish","type":"page","link":"https:\/\/yogaslowflow.com\/index.php\/politica-de-cookies\/","title":{"rendered":"Pol\u00edtica de Cookies"},"content":{"rendered":"\n<p>El sitio web <a href=\"https:\/\/yogaslowflow.com\/\" target=\"_blank\" rel=\"noreferrer noopener\">https:\/\/yogaslowflow.com\/<\/a> utiliza cookies propias y de terceros para recopilar informaci\u00f3n que ayuda a optimizar su visita a sus p\u00e1ginas web. No se utilizar\u00e1n las cookies para recoger informaci\u00f3n de car\u00e1cter personal. Usted puede permitir su uso o rechazarlo, tambi\u00e9n puede cambiar su configuraci\u00f3n siempre que lo desee. Encontrar\u00e1 m\u00e1s informaci\u00f3n en nuestra Pol\u00edtica de Cookies.<\/p>\n\n\n\n<p>\u200b<\/p>\n\n\n\n<p>Yoga Slow Flow. DNI: 47951199V Av. Drassanes 27 planta 7 puerta 4. 08001\u00a0 \u2013 Barcelona informa acerca del uso de las cookies en su p\u00e1gina web: <a href=\"https:\/\/yogaslowflow.com\/\" target=\"_blank\" rel=\"noreferrer noopener\">https:\/\/yogaslowflow.com\/<\/a><\/p>\n\n\n\n<p>\u200b<\/p>\n\n\n\n<p><strong>\u00bfQu\u00e9 son las cookies?<\/strong><\/p>\n\n\n\n<p>\u200b<\/p>\n\n\n\n<p>Las cookies son archivos que se pueden descargar en su equipo a trav\u00e9s de las p\u00e1ginas web. Son herramientas que tienen un papel esencial para la prestaci\u00f3n de numerosos servicios de la sociedad de la informaci\u00f3n. Entre otros, permiten a una p\u00e1gina web almacenar y recuperar informaci\u00f3n sobre los h\u00e1bitos de navegaci\u00f3n de un usuario o de su equipo y, dependiendo de la informaci\u00f3n obtenida, se pueden utilizar para reconocer al usuario y mejorar el servicio ofrecido. Tipos de cookies Seg\u00fan quien sea la entidad que gestione el dominio desde donde se env\u00edan las cookies y trate los datos que se obtengan se pueden distinguir dos tipos:<\/p>\n\n\n\n<p>\u200b<\/p>\n\n\n\n<ul class=\"wp-block-list\">\n<li>Cookies propias: aqu\u00e9llas que se env\u00edan al equipo terminal del usuario desde un equipo o dominio gestionado por el propio editor y desde el que se presta el servicio solicitado por el usuario.<\/li>\n\n\n\n<li>\u200b<\/li>\n\n\n\n<li>Cookies de terceros: aqu\u00e9llas que se env\u00edan al equipo terminal del usuario desde un equipo o dominio que no es gestionado por el editor, sino por otra entidad que trata los datos obtenidos a trav\u00e9s de las cookies. En el caso de que las cookies sean instaladas desde un equipo o dominio gestionado por el propio editor pero la informaci\u00f3n que se recoja mediante \u00e9stas sea gestionada por un tercero, no pueden ser consideradas como cookies propias.<\/li>\n<\/ul>\n\n\n\n<p>\u200b<\/p>\n\n\n\n<p>\u200b<\/p>\n\n\n\n<p>Existe tambi\u00e9n una segunda clasificaci\u00f3n seg\u00fan el plazo de tiempo que permanecen almacenadas en el navegador del cliente, pudiendo tratarse de:<\/p>\n\n\n\n<p>\u200b<\/p>\n\n\n\n<ul class=\"wp-block-list\">\n<li>Cookies de sesi\u00f3n: dise\u00f1adas para recabar y almacenar datos mientras el usuario accede a una p\u00e1gina web. Se suelen emplear para almacenar informaci\u00f3n que solo interesa conservar para la prestaci\u00f3n del servicio solicitado por el usuario en una sola ocasi\u00f3n (p.e. una lista de productos adquiridos).<\/li>\n<\/ul>\n\n\n\n<p>\u200b<\/p>\n\n\n\n<ul class=\"wp-block-list\">\n<li>Cookies persistentes: los datos siguen almacenados en el terminal y pueden ser accedidos y tratados durante un periodo definido por el responsable de la cookie, y que puede ir de unos minutos a varios a\u00f1os.<\/li>\n<\/ul>\n\n\n\n<p>\u200b<\/p>\n\n\n\n<p>Por \u00faltimo, existe otra clasificaci\u00f3n con cinco tipos de cookies seg\u00fan la finalidad para la que se traten los datos obtenidos:<\/p>\n\n\n\n<p>\u200b<\/p>\n\n\n\n<ul class=\"wp-block-list\">\n<li>Cookies t\u00e9cnicas: aquellas que permiten al usuario la navegaci\u00f3n a trav\u00e9s de una p\u00e1gina web, plataforma o aplicaci\u00f3n y la utilizaci\u00f3n de las diferentes opciones o servicios que en ella existan como, por ejemplo, controlar el tr\u00e1fico y la comunicaci\u00f3n de datos, identificar la sesi\u00f3n, acceder a partes de acceso restringido, recordar los elementos que integran un pedido, realizar el proceso de compra de un pedido, realizar la solicitud de inscripci\u00f3n o participaci\u00f3n en un evento, utilizar elementos de seguridad durante la navegaci\u00f3n, almacenar contenidos para la difusi\u00f3n de v\u00eddeos o sonido o compartir contenidos a trav\u00e9s de redes sociales.<\/li>\n<\/ul>\n\n\n\n<p>\u200b<\/p>\n\n\n\n<ul class=\"wp-block-list\">\n<li>Cookies de personalizaci\u00f3n: permiten al usuario acceder al servicio con algunas caracter\u00edsticas de car\u00e1cter general predefinidas en funci\u00f3n de una serie de criterios en el terminal del usuario como por ejemplo serian el idioma, el tipo de navegador a trav\u00e9s del cual accede al servicio, la configuraci\u00f3n regional desde donde accede al servicio, etc.<\/li>\n<\/ul>\n\n\n\n<p>\u200b<\/p>\n\n\n\n<ul class=\"wp-block-list\">\n<li>Cookies de an\u00e1lisis: permiten al responsable de las mismas, el seguimiento y an\u00e1lisis del comportamiento de los usuarios de los sitios web a los que est\u00e1n vinculadas. La informaci\u00f3n recogida mediante este tipo de cookies se utiliza en la medici\u00f3n de la actividad de los sitios web, aplicaci\u00f3n o plataforma y para la elaboraci\u00f3n de perfiles de navegaci\u00f3n de los usuarios de dichos sitios, aplicaciones y plataformas, con el fin de introducir mejoras en funci\u00f3n del an\u00e1lisis de los datos de uso que hacen los usuarios del servicio.<\/li>\n<\/ul>\n\n\n\n<p>\u200b<\/p>\n\n\n\n<ul class=\"wp-block-list\">\n<li>Cookies publicitarias: permiten la gesti\u00f3n, de la forma m\u00e1s eficaz posible, de los espacios publicitarios.<\/li>\n<\/ul>\n\n\n\n<p>\u200b<\/p>\n\n\n\n<ul class=\"wp-block-list\">\n<li>Cookies de publicidad comportamental: almacenan informaci\u00f3n del comportamiento de los usuarios obtenida a trav\u00e9s de la observaci\u00f3n continuada de sus h\u00e1bitos de navegaci\u00f3n, lo que permite desarrollar un perfil espec\u00edfico para mostrar publicidad en funci\u00f3n del mismo.<\/li>\n<\/ul>\n\n\n\n<p>\u200b<\/p>\n\n\n\n<ul class=\"wp-block-list\">\n<li>Cookies de redes sociales externas: se utilizan para que los visitantes puedan interactuar con el contenido de diferentes plataformas sociales (facebook, youtube, twitter, linkedIn, etc..) y que se generen \u00fanicamente para los usuarios de dichas redes sociales. Las condiciones de utilizaci\u00f3n de estas cookies y la informaci\u00f3n recopilada se regula por la pol\u00edtica de privacidad de la plataforma social correspondiente.<\/li>\n<\/ul>\n\n\n\n<p>\u200b<\/p>\n\n\n\n<p>Desactivaci\u00f3n y eliminaci\u00f3n de cookies<\/p>\n\n\n\n<p>\u200b<\/p>\n\n\n\n<p>Tienes la opci\u00f3n de permitir, bloquear o eliminar las cookies instaladas en tu equipo mediante la configuraci\u00f3n de las opciones del navegador instalado en su equipo. Al desactivar cookies, algunos de los servicios disponibles podr\u00edan dejar de estar operativos. La forma de deshabilitar las cookies es diferente para cada navegador, pero normalmente puede hacerse desde el men\u00fa Herramientas u Opciones. Tambi\u00e9n puede consultarse el men\u00fa de Ayuda del navegador d\u00f3nde puedes encontrar instrucciones. El usuario podr\u00e1 en cualquier momento elegir qu\u00e9 cookies quiere que funcionen en este sitio web. Puede usted permitir, bloquear o eliminar las cookies instaladas en su equipo mediante la configuraci\u00f3n de las opciones del navegador instalado en su ordenador:<\/p>\n\n\n\n<p>\u200b<\/p>\n\n\n\n<p>Microsoft Internet Explorer o Microsoft Edge:&nbsp;<a href=\"http:\/\/windows.microsoft.com\/es-es\/windows-vista\/Block-or-allow-cookies\">http:\/\/windows.microsoft.com\/es-es\/windows-vista\/Block-or-allow-cookies<\/a><\/p>\n\n\n\n<p>\u200b<\/p>\n\n\n\n<p>Mozilla Firefox:&nbsp;<a href=\"http:\/\/support.mozilla.org\/es\/kb\/impedir-que-los-sitios-web-guarden-sus-preferencia\">http:\/\/support.mozilla.org\/es\/kb\/impedir-que-los-sitios-web-guarden-sus-preferencia<\/a><\/p>\n\n\n\n<p>\u200b<\/p>\n\n\n\n<p>Chrome:&nbsp;<a href=\"https:\/\/support.google.com\/accounts\/answer\/61416?hl=es\">https:\/\/support.google.com\/accounts\/answer\/61416?hl=es<\/a><\/p>\n\n\n\n<p>\u200b<\/p>\n\n\n\n<p>Safari:&nbsp;<a href=\"http:\/\/safari.helpmax.net\/es\/privacidad-y-seguridad\/como-gestionar-las-cookies\/\">http:\/\/safari.helpmax.net\/es\/privacidad-y-seguridad\/como-gestionar-las-cookies\/<\/a><\/p>\n\n\n\n<p>\u200b<\/p>\n\n\n\n<p>Opera:&nbsp;<a href=\"http:\/\/help.opera.com\/Linux\/10.60\/es-ES\/cookies.html\">http:\/\/help.opera.com\/Linux\/10.60\/es-ES\/cookies.html<\/a><\/p>\n\n\n\n<p>\u200b<\/p>\n\n\n\n<p>Adem\u00e1s, tambi\u00e9n puede gestionar el almac\u00e9n de cookies en su navegador a trav\u00e9s de herramientas como las siguientes<\/p>\n\n\n\n<p>\u200b<\/p>\n\n\n\n<p>Ghostery:&nbsp;<a href=\"http:\/\/www.ghostery.com\/\">www.ghostery.com\/<\/a><\/p>\n\n\n\n<p>Your online choices:&nbsp;<a href=\"https:\/\/littlebylittlefisio.wixsite.com\/politica\/www.youronlinechoices.com\/es\/\">www.youronlinechoices.com\/es\/<\/a>&nbsp;Cookies<\/p>\n\n\n\n<p>\u200b<\/p>\n\n\n\n<p>&nbsp;A continuaci\u00f3n se identifican las cookies que est\u00e1n siendo utilizadas en este portal as\u00ed como su tipolog\u00eda y funci\u00f3n (adem\u00e1s de las estrictamente necesarias para el funcionamiento de la web):<\/p>\n\n\n\n<p>\u200b<\/p>\n\n\n\n<ul class=\"wp-block-list\">\n<li>Google Analytics<\/li>\n<\/ul>\n\n\n\n<p>\u200b<\/p>\n\n\n\n<p>Tipo y finalidad: Anal\u00edticas<\/p>\n\n\n\n<p>\u200b<\/p>\n\n\n\n<p>Estas cookies de Google Analytics generan un ID de usuario an\u00f3nimo, que es el que se utiliza para hacer recuento de cuantas veces visita el sitio un usuario. Tambi\u00e9n registra cuando fue la primera y la \u00faltima vez que visit\u00f3 la web. Asimismo, calcula cuando se ha terminado una sesi\u00f3n, origen del usuario, y keywords.<\/p>\n\n\n\n<p>Aceptaci\u00f3n de la Pol\u00edtica de cookies<\/p>\n\n\n\n<p>\u200b<\/p>\n\n\n\n<p><a href=\"https:\/\/yogaslowflow.com\/\"><a href=\"https:\/\/yogaslowflow.com\/\" target=\"_blank\" rel=\"noreferrer noopener\">https:\/\/yogaslowflow.com\/<\/a><\/a> asume que usted acepta el uso de cookies. No obstante, muestra informaci\u00f3n sobre su Pol\u00edtica de cookies en la parte inferior o superior de cualquier p\u00e1gina del portal con cada inicio de sesi\u00f3n con el objeto de que usted sea consciente. Ante esta informaci\u00f3n es posible llevar a cabo las siguientes acciones:<\/p>\n\n\n\n<p>\u200b<\/p>\n\n\n\n<ul class=\"wp-block-list\">\n<li>Aceptar cookies. No se volver\u00e1 a visualizar este aviso al acceder a cualquier p\u00e1gina del portal durante la presente sesi\u00f3n.<\/li>\n\n\n\n<li>Cerrar. Se oculta el aviso en la presente p\u00e1gina.<\/li>\n\n\n\n<li>Modificar su configuraci\u00f3n.<\/li>\n<\/ul>\n","protected":false},"excerpt":{"rendered":"<p>El sitio web https:\/\/yogaslowflow.com\/ utiliza cookies propias y de terceros para recopilar informaci\u00f3n que ayuda a optimizar su visita a sus p\u00e1ginas web. No se utilizar\u00e1n las cookies para recoger informaci\u00f3n de car\u00e1cter personal. Usted puede permitir su uso o rechazarlo, tambi\u00e9n puede cambiar su configuraci\u00f3n siempre que lo desee. Encontrar\u00e1 m\u00e1s informaci\u00f3n en nuestra [&hellip;]<\/p>\n","protected":false},"author":1,"featured_media":0,"parent":0,"menu_order":0,"comment_status":"closed","ping_status":"closed","template":"","meta":{"om_disable_all_campaigns":false,"_monsterinsights_skip_tracking":false,"_monsterinsights_sitenote_active":false,"_monsterinsights_sitenote_note":"","_monsterinsights_sitenote_category":0,"_themeisle_gutenberg_block_has_review":false,"footnotes":""},"class_list":["post-1027","page","type-page","status-publish","hentry"],"aioseo_notices":[],"yoast_head":"<!-- This site is optimized with the Yoast SEO plugin v20.3 - https:\/\/yoast.com\/wordpress\/plugins\/seo\/ -->\n<title>Pol\u00edtica de Cookies - YOGA SLOWFLOW<\/title>\n<meta name=\"robots\" content=\"index, follow, max-snippet:-1, max-image-preview:large, max-video-preview:-1\" \/>\n<link rel=\"canonical\" href=\"https:\/\/yogaslowflow.com\/index.php\/politica-de-cookies\/\" \/>\n<meta property=\"og:locale\" content=\"es_ES\" \/>\n<meta property=\"og:type\" content=\"article\" \/>\n<meta property=\"og:title\" content=\"Pol\u00edtica de Cookies - YOGA SLOWFLOW\" \/>\n<meta property=\"og:description\" content=\"El sitio web https:\/\/yogaslowflow.com\/ utiliza cookies propias y de terceros para recopilar informaci\u00f3n que ayuda a optimizar su visita a sus p\u00e1ginas web. No se utilizar\u00e1n las cookies para recoger informaci\u00f3n de car\u00e1cter personal. Usted puede permitir su uso o rechazarlo, tambi\u00e9n puede cambiar su configuraci\u00f3n siempre que lo desee. Encontrar\u00e1 m\u00e1s informaci\u00f3n en nuestra [&hellip;]\" \/>\n<meta property=\"og:url\" content=\"https:\/\/yogaslowflow.com\/index.php\/politica-de-cookies\/\" \/>\n<meta property=\"og:site_name\" content=\"YOGA SLOWFLOW\" \/>\n<meta property=\"article:modified_time\" content=\"2023-04-28T07:40:39+00:00\" \/>\n<meta name=\"twitter:card\" content=\"summary_large_image\" \/>\n<meta name=\"twitter:label1\" content=\"Tiempo de lectura\" \/>\n\t<meta name=\"twitter:data1\" content=\"6 minutos\" \/>\n<script type=\"application\/ld+json\" class=\"yoast-schema-graph\">{\"@context\":\"https:\/\/schema.org\",\"@graph\":[{\"@type\":\"WebPage\",\"@id\":\"https:\/\/yogaslowflow.com\/index.php\/politica-de-cookies\/\",\"url\":\"https:\/\/yogaslowflow.com\/index.php\/politica-de-cookies\/\",\"name\":\"Pol\u00edtica de Cookies - YOGA SLOWFLOW\",\"isPartOf\":{\"@id\":\"https:\/\/yogaslowflow.com\/#website\"},\"datePublished\":\"2023-04-28T07:40:38+00:00\",\"dateModified\":\"2023-04-28T07:40:39+00:00\",\"breadcrumb\":{\"@id\":\"https:\/\/yogaslowflow.com\/index.php\/politica-de-cookies\/#breadcrumb\"},\"inLanguage\":\"es\",\"potentialAction\":[{\"@type\":\"ReadAction\",\"target\":[\"https:\/\/yogaslowflow.com\/index.php\/politica-de-cookies\/\"]}]},{\"@type\":\"BreadcrumbList\",\"@id\":\"https:\/\/yogaslowflow.com\/index.php\/politica-de-cookies\/#breadcrumb\",\"itemListElement\":[{\"@type\":\"ListItem\",\"position\":1,\"name\":\"Portada\",\"item\":\"https:\/\/yogaslowflow.com\/\"},{\"@type\":\"ListItem\",\"position\":2,\"name\":\"Pol\u00edtica de Cookies\"}]},{\"@type\":\"WebSite\",\"@id\":\"https:\/\/yogaslowflow.com\/#website\",\"url\":\"https:\/\/yogaslowflow.com\/\",\"name\":\"YOGA SLOWFLOW\",\"description\":\"Follow your breath\",\"publisher\":{\"@id\":\"https:\/\/yogaslowflow.com\/#organization\"},\"potentialAction\":[{\"@type\":\"SearchAction\",\"target\":{\"@type\":\"EntryPoint\",\"urlTemplate\":\"https:\/\/yogaslowflow.com\/?s={search_term_string}\"},\"query-input\":\"required name=search_term_string\"}],\"inLanguage\":\"es\"},{\"@type\":\"Organization\",\"@id\":\"https:\/\/yogaslowflow.com\/#organization\",\"name\":\"YOGA SLOWFLOW\",\"url\":\"https:\/\/yogaslowflow.com\/\",\"logo\":{\"@type\":\"ImageObject\",\"inLanguage\":\"es\",\"@id\":\"https:\/\/yogaslowflow.com\/#\/schema\/logo\/image\/\",\"url\":\"https:\/\/yogaslowflow.com\/wp-content\/uploads\/2023\/04\/logo_yoga.png\",\"contentUrl\":\"https:\/\/yogaslowflow.com\/wp-content\/uploads\/2023\/04\/logo_yoga.png\",\"width\":3341,\"height\":3232,\"caption\":\"YOGA SLOWFLOW\"},\"image\":{\"@id\":\"https:\/\/yogaslowflow.com\/#\/schema\/logo\/image\/\"},\"sameAs\":[\"https:\/\/www.instagram.com\/yoga_slow_flow\/\"]}]}<\/script>\n<!-- \/ Yoast SEO plugin. -->","yoast_head_json":{"title":"Pol\u00edtica de Cookies - YOGA SLOWFLOW","robots":{"index":"index","follow":"follow","max-snippet":"max-snippet:-1","max-image-preview":"max-image-preview:large","max-video-preview":"max-video-preview:-1"},"canonical":"https:\/\/yogaslowflow.com\/index.php\/politica-de-cookies\/","og_locale":"es_ES","og_type":"article","og_title":"Pol\u00edtica de Cookies - YOGA SLOWFLOW","og_description":"El sitio web https:\/\/yogaslowflow.com\/ utiliza cookies propias y de terceros para recopilar informaci\u00f3n que ayuda a optimizar su visita a sus p\u00e1ginas web. No se utilizar\u00e1n las cookies para recoger informaci\u00f3n de car\u00e1cter personal. Usted puede permitir su uso o rechazarlo, tambi\u00e9n puede cambiar su configuraci\u00f3n siempre que lo desee. Encontrar\u00e1 m\u00e1s informaci\u00f3n en nuestra [&hellip;]","og_url":"https:\/\/yogaslowflow.com\/index.php\/politica-de-cookies\/","og_site_name":"YOGA SLOWFLOW","article_modified_time":"2023-04-28T07:40:39+00:00","twitter_card":"summary_large_image","twitter_misc":{"Tiempo de lectura":"6 minutos"},"schema":{"@context":"https:\/\/schema.org","@graph":[{"@type":"WebPage","@id":"https:\/\/yogaslowflow.com\/index.php\/politica-de-cookies\/","url":"https:\/\/yogaslowflow.com\/index.php\/politica-de-cookies\/","name":"Pol\u00edtica de Cookies - YOGA SLOWFLOW","isPartOf":{"@id":"https:\/\/yogaslowflow.com\/#website"},"datePublished":"2023-04-28T07:40:38+00:00","dateModified":"2023-04-28T07:40:39+00:00","breadcrumb":{"@id":"https:\/\/yogaslowflow.com\/index.php\/politica-de-cookies\/#breadcrumb"},"inLanguage":"es","potentialAction":[{"@type":"ReadAction","target":["https:\/\/yogaslowflow.com\/index.php\/politica-de-cookies\/"]}]},{"@type":"BreadcrumbList","@id":"https:\/\/yogaslowflow.com\/index.php\/politica-de-cookies\/#breadcrumb","itemListElement":[{"@type":"ListItem","position":1,"name":"Portada","item":"https:\/\/yogaslowflow.com\/"},{"@type":"ListItem","position":2,"name":"Pol\u00edtica de Cookies"}]},{"@type":"WebSite","@id":"https:\/\/yogaslowflow.com\/#website","url":"https:\/\/yogaslowflow.com\/","name":"YOGA SLOWFLOW","description":"Follow your breath","publisher":{"@id":"https:\/\/yogaslowflow.com\/#organization"},"potentialAction":[{"@type":"SearchAction","target":{"@type":"EntryPoint","urlTemplate":"https:\/\/yogaslowflow.com\/?s={search_term_string}"},"query-input":"required name=search_term_string"}],"inLanguage":"es"},{"@type":"Organization","@id":"https:\/\/yogaslowflow.com\/#organization","name":"YOGA SLOWFLOW","url":"https:\/\/yogaslowflow.com\/","logo":{"@type":"ImageObject","inLanguage":"es","@id":"https:\/\/yogaslowflow.com\/#\/schema\/logo\/image\/","url":"https:\/\/yogaslowflow.com\/wp-content\/uploads\/2023\/04\/logo_yoga.png","contentUrl":"https:\/\/yogaslowflow.com\/wp-content\/uploads\/2023\/04\/logo_yoga.png","width":3341,"height":3232,"caption":"YOGA SLOWFLOW"},"image":{"@id":"https:\/\/yogaslowflow.com\/#\/schema\/logo\/image\/"},"sameAs":["https:\/\/www.instagram.com\/yoga_slow_flow\/"]}]}},"jetpack_sharing_enabled":true,"_links":{"self":[{"href":"https:\/\/yogaslowflow.com\/index.php\/wp-json\/wp\/v2\/pages\/1027","targetHints":{"allow":["GET"]}}],"collection":[{"href":"https:\/\/yogaslowflow.com\/index.php\/wp-json\/wp\/v2\/pages"}],"about":[{"href":"https:\/\/yogaslowflow.com\/index.php\/wp-json\/wp\/v2\/types\/page"}],"author":[{"embeddable":true,"href":"https:\/\/yogaslowflow.com\/index.php\/wp-json\/wp\/v2\/users\/1"}],"replies":[{"embeddable":true,"href":"https:\/\/yogaslowflow.com\/index.php\/wp-json\/wp\/v2\/comments?post=1027"}],"version-history":[{"count":1,"href":"https:\/\/yogaslowflow.com\/index.php\/wp-json\/wp\/v2\/pages\/1027\/revisions"}],"predecessor-version":[{"id":1028,"href":"https:\/\/yogaslowflow.com\/index.php\/wp-json\/wp\/v2\/pages\/1027\/revisions\/1028"}],"wp:attachment":[{"href":"https:\/\/yogaslowflow.com\/index.php\/wp-json\/wp\/v2\/media?parent=1027"}],"curies":[{"name":"wp","href":"https:\/\/api.w.org\/{rel}","templated":true}]}}