{"id":1029,"date":"2023-04-28T07:56:53","date_gmt":"2023-04-28T07:56:53","guid":{"rendered":"https:\/\/yogaslowflow.com\/?page_id=1029"},"modified":"2023-04-28T07:56:56","modified_gmt":"2023-04-28T07:56:56","slug":"politica-de-privacidad","status":"publish","type":"page","link":"https:\/\/yogaslowflow.com\/index.php\/politica-de-privacidad\/","title":{"rendered":"Pol\u00edtica de Privacidad"},"content":{"rendered":"\n<p><strong>POL\u00cdTICA DE PRIVACIDAD Y PROPIEDAD INTELECTUAL<\/strong><\/p>\n\n\n\n<p><strong>\u200b<\/strong><\/p>\n\n\n\n<p><strong>PRIVACIDAD<\/strong><\/p>\n\n\n\n<p>\u200b<\/p>\n\n\n\n<p><strong>1. Uso y tratamiento de datos de car\u00e1cter personal<\/strong><\/p>\n\n\n\n<p>Maite Garbizu G\u00f3mez. DNI: 47951199V Av. Drassanes 27 planta 7 puerta 4 08001 \u2013 Barcelona \u00a0 \u00a0 le informa que los datos de car\u00e1cter personal que pudieran proporcionarse, a trav\u00e9s de la web as\u00ed como los que pudiera facilitar en el futuro en el marco de su relaci\u00f3n con Maite Garbizu G\u00f3mez. DNI: 47951199V Av. Drassanes 27 planta 7 puerta 4 08001 \u2013 Barcelona , ser\u00e1n incorporados en los ficheros titularidad de Maite Garbizu G\u00f3mez. DNI: 47951199V Av. Drassanes 27 planta 7 puerta 4 08001 \u2013 Barcelona \u00a0 Estos ficheros tienen la finalidad de gestionar, administrar o facilitarle la informaci\u00f3n que solicite, y en su caso, conocer mejor sus gustos, adecuar la informaci\u00f3n a sus preferencias, as\u00ed como poder ofrecerle nuevos servicios y enviarle informaci\u00f3n relacionada con las actividades de Maite Garbizu G\u00f3mez. DNI: 47951199V Av. Drassanes 27 planta 7 puerta 4 08001 \u2013 Barcelona  a trav\u00e9s de cualquier medio, incluso el electr\u00f3nico.<\/p>\n\n\n\n<p><strong>2. Confidencialidad de datos<\/strong><\/p>\n\n\n\n<p>\u200b<\/p>\n\n\n\n<p>\u200bMaite Garbizu G\u00f3mez. DNI: 47951199V Av. Drassanes 27 planta 7 puerta 4 08001 \u2013 Barcelona \u00a0 se compromete a mantener la confidencialidad de los datos de nuestros clientes, usuarios y visitantes y a cumplir con todos los requisitos legales en vigor.<\/p>\n\n\n\n<p>Maite Garbizu G\u00f3mez. DNI: 47951199V Av. Drassanes 27 planta 7 puerta 4 08001 \u2013 Barcelona se compromete al cumplimiento de la obligaci\u00f3n de secreto de los datos de car\u00e1cter personal, de su deber de guardarlos y adoptar\u00e1 las medidas necesarias para evitar su alteraci\u00f3n, p\u00e9rdida, tratamiento o acceso no autorizado, habida cuenta en todo momento del estado de la tecnolog\u00eda.<\/p>\n\n\n\n<p>Maite Garbizu G\u00f3mez. DNI: 47951199V Av. Drassanes 27 planta 7 puerta 4 08001 \u2013 Barcelona  est\u00e1 obligada por la legislaci\u00f3n vigente en materia de protecci\u00f3n de datos al deber de secreto en las relaciones con los usuarios de la web. Todas las comunicaciones privadas entre Maite Garbizu G\u00f3mez. DNI: 47951199V Av. Drassanes 27 planta 7 puerta 4 08001 \u2013 Barcelona y los usuarios ser\u00e1n consideradas confidenciales. Adem\u00e1s, tambi\u00e9n tendr\u00e1 la condici\u00f3n de confidencial la informaci\u00f3n de cualquier tipo que intercambien ambas partes y la informaci\u00f3n que ambas partes acuerden que tiene tal naturaleza.<\/p>\n\n\n\n<p>\u200b\u200b<\/p>\n\n\n\n<p><strong>3. Formulario de Contacto<\/strong><\/p>\n\n\n\n<p>Tambi\u00e9n consta un formulario con el fin de resolver cuestiones o preguntas. En este caso se utilizar\u00e1 tu direcci\u00f3n de correo electr\u00f3nico para responder a las mismas.<\/p>\n\n\n\n<p>Por \u00faltimo, esta p\u00e1gina web tambi\u00e9n utiliza herramientas propias y de terceros que recogen datos de los Usuarios a trav\u00e9s de cookies (generalmente de forma transparente y an\u00f3nima).<\/p>\n\n\n\n<p>El prop\u00f3sito de las cookies es optimizar el funcionamiento de esta web, analizar los h\u00e1bitos de navegaci\u00f3n de nuestros Usuarios y mostrarte contenidos relevantes.<\/p>\n\n\n\n<p>Puedes cambiar tu configuraci\u00f3n y obtener m\u00e1s informaci\u00f3n sobre las cookies.<\/p>\n\n\n\n<p><strong>4. Derechos de acceso, rectificaci\u00f3n, cancelaci\u00f3n y oposici\u00f3n&nbsp;<\/strong><\/p>\n\n\n\n<p><strong>\u200b<\/strong><\/p>\n\n\n\n<p>Cualquier persona tiene derecho a obtener informaci\u00f3n sobre la utilizaci\u00f3n de sus datos personales, as\u00ed como solicitar la rectificaci\u00f3n o supresi\u00f3n de dichos datos.<\/p>\n\n\n\n<p>\u200b<\/p>\n\n\n\n<p>En determinadas circunstancias, los interesados tambi\u00e9n podr\u00e1n solicitar la limitaci\u00f3n del tratamiento de sus datos personales en cuyo caso \u00fanicamente los conservaremos para el ejercicio o la defensa de posibles reclamaciones.<\/p>\n\n\n\n<p>\u200b<\/p>\n\n\n\n<p>Dejamos a disposici\u00f3n de los usuarios el ejercitar tus leg\u00edtimos derechos de acceso, rectificaci\u00f3n, cancelaci\u00f3n y oposici\u00f3n (tambi\u00e9n conocidos amistosamente con el nombre \u201cDerechos ARCO\u201d) escribiendo al responsable de tratamiento:<\/p>\n\n\n\n<p>\u200b<\/p>\n\n\n\n<p>Responsable: Maite Garbizu G\u00f3mez. DNI: 47951199V Av. Drassanes 27 planta 7 puerta 4 08001 \u2013 Barcelona \u00a0\u00a0<\/p>\n\n\n\n<p>Correo Electr\u00f3nico: maitegarbizu@gmail.com<\/p>\n\n\n\n<p><strong>4. Acceso de los datos a terceros<\/strong><\/p>\n\n\n\n<p>\u200b&nbsp;<\/p>\n\n\n\n<p>De acuerdo con lo establecido en la legislaci\u00f3n vigente en materia de protecci\u00f3n de datos, Maite Garbizu G\u00f3mez. DNI: 47951199V Av. Drassanes 27 planta 7 puerta 4 08001 \u2013 Barcelona\u00a0 garantiza que los datos objeto de tratamiento no ser\u00e1n cedidos, vendidos, arrendados ni traspasados a ninguna empresa, organizaci\u00f3n o cualquier entidad que sea ajena a 47951199V Av. Drassanes 27 planta 7 puerta 4 08001 \u2013 Barcelona \u00a0\u00a0<\/p>\n\n\n\n<p><strong>PROPIEDAD INTELECTUAL<\/strong><\/p>\n\n\n\n<p>\u200b<\/p>\n\n\n\n<p><strong>1. Propiedad Intelectual de la Web<\/strong><\/p>\n\n\n\n<p><strong>\u200b<\/strong><\/p>\n\n\n\n<p>Todos los derechos de explotaci\u00f3n est\u00e1n reservados. Los derechos de propiedad intelectual sobre la web, dise\u00f1o gr\u00e1fico y c\u00f3digos, son titularidad de Maite Garbizu G\u00f3mez. DNI: 47951199V Av. Drassanes 27 planta 7 puerta 4 08001 \u2013 Barcelona<\/p>\n\n\n\n<p>\u200b<\/p>\n\n\n\n<p>Corresponde a dicha persona el ejercicio exclusivo de los derechos de explotaci\u00f3n de los mismos en cualquier forma y, en especial, los derechos de reproducci\u00f3n, distribuci\u00f3n, comunicaci\u00f3n p\u00fablica y transformaci\u00f3n.\u200b<\/p>\n\n\n\n<p>\u200b<\/p>\n\n\n\n<p><strong>2. Condiciones para la reproducci\u00f3n parcial<\/strong><\/p>\n\n\n\n<p><strong>\u200b<\/strong><\/p>\n\n\n\n<ul class=\"wp-block-list\">\n<li>Que se cite expresamente como fuente de informaci\u00f3n.<\/li>\n<\/ul>\n\n\n\n<p>\u200b<\/p>\n\n\n\n<ul class=\"wp-block-list\">\n<li>Que se realice con \u00e1nimo de obtener la informaci\u00f3n contenida y no con prop\u00f3sito comercial ni para uso distinto del individual o privado.<\/li>\n<\/ul>\n\n\n\n<p>\u200b<\/p>\n\n\n\n<ul class=\"wp-block-list\">\n<li>Que ning\u00fan contenido incluido en esta web sea modificado de forma alguna.<\/li>\n<\/ul>\n\n\n\n<p>\u200b<\/p>\n\n\n\n<ul class=\"wp-block-list\">\n<li>Que ning\u00fan elemento disponible en esta web sea utilizado, copiado o distribuido separadamente del texto o resto de contenidos que lo acompa\u00f1an.<\/li>\n<\/ul>\n\n\n\n<p>\u200b<\/p>\n\n\n\n<ul class=\"wp-block-list\">\n<li>Que sea comunicado previamente, por escrito y de manera fehaciente, a Maite Garbizu G\u00f3mez. DNI: 47951199V Av. Drassanes 27 planta 7 puerta 4 08001 \u2013 Barcelona y a su vez, se obtenga la autorizaci\u00f3n certificada de la misma para dicha reproducci\u00f3n.<\/li>\n<\/ul>\n\n\n\n<p>\u200b<\/p>\n\n\n\n<ul class=\"wp-block-list\">\n<li>Que los elementos reproducidos no vayan a ser cedidos posteriormente a terceros o se instalen en un servidor conectado a Internet o a una red local.<\/li>\n<\/ul>\n\n\n\n<p><strong>3. Uso del Software.<\/strong><\/p>\n\n\n\n<p><strong>\u200b<\/strong><\/p>\n\n\n\n<p>El software que se encuentre disponible para su descarga desde este sitio web se halla protegido por derechos de autor. Para poder instalar o utilizar cualquier software descargado desde este sitio, debe aceptarse previamente los t\u00e9rminos del Contrato de Licencia, si lo hubiera, que acompa\u00f1e o se incluya en el software.<\/p>\n\n\n\n<p>\u200b<\/p>\n\n\n\n<p>Con respecto a software que no venga acompa\u00f1ado de un Contrato de Licencia, Maite Garbizu G\u00f3mez. DNI: 47951199V Av. Drassanes 27 planta 7 puerta 4 08001 \u2013 Barcelona concede al usuario una licencia de uso personal y no transferible, de acuerdo con los presentes t\u00e9rminos y condiciones, siempre que mantenga intactas las indicaciones de derechos de autor y otros s\u00edmbolos de propiedad.<\/p>\n\n\n\n<p>\u200b<\/p>\n\n\n\n<p>Se proh\u00edbe expresamente la copia o reproducci\u00f3n del software en cualquier otro servidor o lugar con objeto de su posterior reproducci\u00f3n o redistribuci\u00f3n.<\/p>\n\n\n\n<p>\u200b<\/p>\n\n\n\n<p><strong>4. Responsabilidad con los enlaces<\/strong><\/p>\n\n\n\n<p>\u200b<\/p>\n\n\n\n<p>\u200b\u200b<\/p>\n\n\n\n<p>La funci\u00f3n de los enlaces que aparecen en esta p\u00e1gina tiene s\u00f3lo finalidad informativa. Maite Garbizu G\u00f3mez. DNI: 47951199V Av. Drassanes 27 planta 7 puerta 4 08001 \u2013 Barcelona rechaza la responsabilidad sobre la informaci\u00f3n contenida en dichas p\u00e1ginas web. Las eventuales referencias que se realicen en la web de Maite Garbizu G\u00f3mez. DNI: 47951199V Av. Drassanes 27 planta 7 puerta 4 08001 \u2013 Barcelona a cualquier producto, servicio, proceso, enlace, hipertexto o cualquier otra informaci\u00f3n utilizando la marca, el nombre comercial o el fabricante o suministrador, que sean de titularidad de terceros no constituye o implica respaldo, patrocinio o recomendaci\u00f3n por parte de Maite Garbizu G\u00f3mez. DNI: 47951199V Av. Drassanes 27 planta 7 puerta 4 08001 \u2013 Barcelona.<\/p>\n\n\n\n<p>\u200b<\/p>\n\n\n\n<p><strong>5. Responsabilidad sobre seguridad<\/strong>\u200b<\/p>\n\n\n\n<p>\u200b<\/p>\n\n\n\n<p>Maite Garbizu G\u00f3mez. DNI: 47951199V Av. Drassanes 27 planta 7 puerta 4 08001 \u2013 Barcelona\u00a0no se hace responsable de los posibles errores de seguridad que se pudieran producir por el hecho de utilizar versiones de navegadores no actualizadas, o de las consecuencias que se pudieran derivar del mal funcionamiento del navegador, ya sea por configuraci\u00f3n inadecuada, presencia de virus inform\u00e1ticos o cualquier otra causa ajena.\u200b<\/p>\n\n\n\n<p><strong>6. Responsabilidad de los contenidos de la Web<\/strong><\/p>\n\n\n\n<ul class=\"wp-block-list\">\n<li>Maite Garbizu G\u00f3mez. DNI: 47951199V Av. Drassanes 27 planta 7 puerta 4 08001 \u2013 Barcelona rechaza la responsabilidad que se derive de la mala utilizaci\u00f3n de los contenidos y se reserva el derecho a actualizarlos cuando quiera, a eliminarlos, limitarlos o impedir el acceso a ellos, de manera temporal o definitiva.<\/li>\n\n\n\n<li>Maite Garbizu G\u00f3mez. DNI: 47951199V Av. Drassanes 27 planta 7 puerta 4 08001 \u2013 Barcelona rechaza la responsabilidad sobre cualquier informaci\u00f3n no contenida en estas p\u00e1ginas web y, por tanto, no elaborada por Maite Garbizu G\u00f3mez. 47951199V Av. Drassanes 27 planta 7 puerta 4 08001 \u2013 Barcelona o \u00a0\u00a0 no publicada con su nombre.<\/li>\n<\/ul>\n\n\n\n<p>\u200b<\/p>\n\n\n\n<ul class=\"wp-block-list\">\n<li>Maite Garbizu G\u00f3mez. DNI: 47951199V Av. Drassanes 27 planta 7 puerta 4 08001 \u2013 Barcelona no se responsabiliza de las posibles discrepancias que puedan surgir entre la versi\u00f3n de sus documentos impresos y la versi\u00f3n electr\u00f3nica de los mismos publicados en su p\u00e1gina web.<\/li>\n<\/ul>\n\n\n\n<p>\u200b<\/p>\n\n\n\n<ul class=\"wp-block-list\">\n<li>Maite Garbizu G\u00f3mez. DNI: 47951199V Av. Drassanes 27 planta 7 puerta 4 08001 \u2013 Barcelona no se responsabiliza del uso que los menores hagan de la web.<\/li>\n<\/ul>\n\n\n\n<p>\u200b<\/p>\n\n\n\n<ul class=\"wp-block-list\">\n<li>Maite Garbizu G\u00f3mez. DNI: 47951199V Av. Drassanes 27 planta 7 puerta 4 08001 \u2013 Barcelona no es responsable de que los contenidos de la web puedan herir la sensibilidad de los menores. Es responsabilidad de los padres asegurarse del correcto uso de una herramienta como Internet y acompa\u00f1ar a los menores en sus sesiones.<\/li>\n<\/ul>\n","protected":false},"excerpt":{"rendered":"<p>POL\u00cdTICA DE PRIVACIDAD Y PROPIEDAD INTELECTUAL \u200b PRIVACIDAD \u200b 1. Uso y tratamiento de datos de car\u00e1cter personal Maite Garbizu G\u00f3mez. DNI: 47951199V Av. Drassanes 27 planta 7 puerta 4 08001 \u2013 Barcelona \u00a0 \u00a0 le informa que los datos de car\u00e1cter personal que pudieran proporcionarse, a trav\u00e9s de la web as\u00ed como los que [&hellip;]<\/p>\n","protected":false},"author":1,"featured_media":0,"parent":0,"menu_order":0,"comment_status":"closed","ping_status":"closed","template":"","meta":{"om_disable_all_campaigns":false,"_monsterinsights_skip_tracking":false,"_monsterinsights_sitenote_active":false,"_monsterinsights_sitenote_note":"","_monsterinsights_sitenote_category":0,"_themeisle_gutenberg_block_has_review":false,"footnotes":""},"class_list":["post-1029","page","type-page","status-publish","hentry"],"aioseo_notices":[],"yoast_head":"<!-- This site is optimized with the Yoast SEO plugin v20.3 - https:\/\/yoast.com\/wordpress\/plugins\/seo\/ -->\n<title>Pol\u00edtica de Privacidad - YOGA SLOWFLOW<\/title>\n<meta name=\"robots\" content=\"index, follow, max-snippet:-1, max-image-preview:large, max-video-preview:-1\" \/>\n<link rel=\"canonical\" href=\"https:\/\/yogaslowflow.com\/index.php\/politica-de-privacidad\/\" \/>\n<meta property=\"og:locale\" content=\"es_ES\" \/>\n<meta property=\"og:type\" content=\"article\" \/>\n<meta property=\"og:title\" content=\"Pol\u00edtica de Privacidad - YOGA SLOWFLOW\" \/>\n<meta property=\"og:description\" content=\"POL\u00cdTICA DE PRIVACIDAD Y PROPIEDAD INTELECTUAL \u200b PRIVACIDAD \u200b 1. Uso y tratamiento de datos de car\u00e1cter personal Maite Garbizu G\u00f3mez. DNI: 47951199V Av. Drassanes 27 planta 7 puerta 4 08001 \u2013 Barcelona \u00a0 \u00a0 le informa que los datos de car\u00e1cter personal que pudieran proporcionarse, a trav\u00e9s de la web as\u00ed como los que [&hellip;]\" \/>\n<meta property=\"og:url\" content=\"https:\/\/yogaslowflow.com\/index.php\/politica-de-privacidad\/\" \/>\n<meta property=\"og:site_name\" content=\"YOGA SLOWFLOW\" \/>\n<meta property=\"article:modified_time\" content=\"2023-04-28T07:56:56+00:00\" \/>\n<meta name=\"twitter:card\" content=\"summary_large_image\" \/>\n<meta name=\"twitter:label1\" content=\"Tiempo de lectura\" \/>\n\t<meta name=\"twitter:data1\" content=\"7 minutos\" \/>\n<script type=\"application\/ld+json\" class=\"yoast-schema-graph\">{\"@context\":\"https:\/\/schema.org\",\"@graph\":[{\"@type\":\"WebPage\",\"@id\":\"https:\/\/yogaslowflow.com\/index.php\/politica-de-privacidad\/\",\"url\":\"https:\/\/yogaslowflow.com\/index.php\/politica-de-privacidad\/\",\"name\":\"Pol\u00edtica de Privacidad - YOGA SLOWFLOW\",\"isPartOf\":{\"@id\":\"https:\/\/yogaslowflow.com\/#website\"},\"datePublished\":\"2023-04-28T07:56:53+00:00\",\"dateModified\":\"2023-04-28T07:56:56+00:00\",\"breadcrumb\":{\"@id\":\"https:\/\/yogaslowflow.com\/index.php\/politica-de-privacidad\/#breadcrumb\"},\"inLanguage\":\"es\",\"potentialAction\":[{\"@type\":\"ReadAction\",\"target\":[\"https:\/\/yogaslowflow.com\/index.php\/politica-de-privacidad\/\"]}]},{\"@type\":\"BreadcrumbList\",\"@id\":\"https:\/\/yogaslowflow.com\/index.php\/politica-de-privacidad\/#breadcrumb\",\"itemListElement\":[{\"@type\":\"ListItem\",\"position\":1,\"name\":\"Portada\",\"item\":\"https:\/\/yogaslowflow.com\/\"},{\"@type\":\"ListItem\",\"position\":2,\"name\":\"Pol\u00edtica de Privacidad\"}]},{\"@type\":\"WebSite\",\"@id\":\"https:\/\/yogaslowflow.com\/#website\",\"url\":\"https:\/\/yogaslowflow.com\/\",\"name\":\"YOGA SLOWFLOW\",\"description\":\"Follow your breath\",\"publisher\":{\"@id\":\"https:\/\/yogaslowflow.com\/#organization\"},\"potentialAction\":[{\"@type\":\"SearchAction\",\"target\":{\"@type\":\"EntryPoint\",\"urlTemplate\":\"https:\/\/yogaslowflow.com\/?s={search_term_string}\"},\"query-input\":\"required name=search_term_string\"}],\"inLanguage\":\"es\"},{\"@type\":\"Organization\",\"@id\":\"https:\/\/yogaslowflow.com\/#organization\",\"name\":\"YOGA SLOWFLOW\",\"url\":\"https:\/\/yogaslowflow.com\/\",\"logo\":{\"@type\":\"ImageObject\",\"inLanguage\":\"es\",\"@id\":\"https:\/\/yogaslowflow.com\/#\/schema\/logo\/image\/\",\"url\":\"https:\/\/yogaslowflow.com\/wp-content\/uploads\/2023\/04\/logo_yoga.png\",\"contentUrl\":\"https:\/\/yogaslowflow.com\/wp-content\/uploads\/2023\/04\/logo_yoga.png\",\"width\":3341,\"height\":3232,\"caption\":\"YOGA SLOWFLOW\"},\"image\":{\"@id\":\"https:\/\/yogaslowflow.com\/#\/schema\/logo\/image\/\"},\"sameAs\":[\"https:\/\/www.instagram.com\/yoga_slow_flow\/\"]}]}<\/script>\n<!-- \/ Yoast SEO plugin. -->","yoast_head_json":{"title":"Pol\u00edtica de Privacidad - YOGA SLOWFLOW","robots":{"index":"index","follow":"follow","max-snippet":"max-snippet:-1","max-image-preview":"max-image-preview:large","max-video-preview":"max-video-preview:-1"},"canonical":"https:\/\/yogaslowflow.com\/index.php\/politica-de-privacidad\/","og_locale":"es_ES","og_type":"article","og_title":"Pol\u00edtica de Privacidad - YOGA SLOWFLOW","og_description":"POL\u00cdTICA DE PRIVACIDAD Y PROPIEDAD INTELECTUAL \u200b PRIVACIDAD \u200b 1. Uso y tratamiento de datos de car\u00e1cter personal Maite Garbizu G\u00f3mez. DNI: 47951199V Av. Drassanes 27 planta 7 puerta 4 08001 \u2013 Barcelona \u00a0 \u00a0 le informa que los datos de car\u00e1cter personal que pudieran proporcionarse, a trav\u00e9s de la web as\u00ed como los que [&hellip;]","og_url":"https:\/\/yogaslowflow.com\/index.php\/politica-de-privacidad\/","og_site_name":"YOGA SLOWFLOW","article_modified_time":"2023-04-28T07:56:56+00:00","twitter_card":"summary_large_image","twitter_misc":{"Tiempo de lectura":"7 minutos"},"schema":{"@context":"https:\/\/schema.org","@graph":[{"@type":"WebPage","@id":"https:\/\/yogaslowflow.com\/index.php\/politica-de-privacidad\/","url":"https:\/\/yogaslowflow.com\/index.php\/politica-de-privacidad\/","name":"Pol\u00edtica de Privacidad - YOGA SLOWFLOW","isPartOf":{"@id":"https:\/\/yogaslowflow.com\/#website"},"datePublished":"2023-04-28T07:56:53+00:00","dateModified":"2023-04-28T07:56:56+00:00","breadcrumb":{"@id":"https:\/\/yogaslowflow.com\/index.php\/politica-de-privacidad\/#breadcrumb"},"inLanguage":"es","potentialAction":[{"@type":"ReadAction","target":["https:\/\/yogaslowflow.com\/index.php\/politica-de-privacidad\/"]}]},{"@type":"BreadcrumbList","@id":"https:\/\/yogaslowflow.com\/index.php\/politica-de-privacidad\/#breadcrumb","itemListElement":[{"@type":"ListItem","position":1,"name":"Portada","item":"https:\/\/yogaslowflow.com\/"},{"@type":"ListItem","position":2,"name":"Pol\u00edtica de Privacidad"}]},{"@type":"WebSite","@id":"https:\/\/yogaslowflow.com\/#website","url":"https:\/\/yogaslowflow.com\/","name":"YOGA SLOWFLOW","description":"Follow your breath","publisher":{"@id":"https:\/\/yogaslowflow.com\/#organization"},"potentialAction":[{"@type":"SearchAction","target":{"@type":"EntryPoint","urlTemplate":"https:\/\/yogaslowflow.com\/?s={search_term_string}"},"query-input":"required name=search_term_string"}],"inLanguage":"es"},{"@type":"Organization","@id":"https:\/\/yogaslowflow.com\/#organization","name":"YOGA SLOWFLOW","url":"https:\/\/yogaslowflow.com\/","logo":{"@type":"ImageObject","inLanguage":"es","@id":"https:\/\/yogaslowflow.com\/#\/schema\/logo\/image\/","url":"https:\/\/yogaslowflow.com\/wp-content\/uploads\/2023\/04\/logo_yoga.png","contentUrl":"https:\/\/yogaslowflow.com\/wp-content\/uploads\/2023\/04\/logo_yoga.png","width":3341,"height":3232,"caption":"YOGA SLOWFLOW"},"image":{"@id":"https:\/\/yogaslowflow.com\/#\/schema\/logo\/image\/"},"sameAs":["https:\/\/www.instagram.com\/yoga_slow_flow\/"]}]}},"jetpack_sharing_enabled":true,"_links":{"self":[{"href":"https:\/\/yogaslowflow.com\/index.php\/wp-json\/wp\/v2\/pages\/1029","targetHints":{"allow":["GET"]}}],"collection":[{"href":"https:\/\/yogaslowflow.com\/index.php\/wp-json\/wp\/v2\/pages"}],"about":[{"href":"https:\/\/yogaslowflow.com\/index.php\/wp-json\/wp\/v2\/types\/page"}],"author":[{"embeddable":true,"href":"https:\/\/yogaslowflow.com\/index.php\/wp-json\/wp\/v2\/users\/1"}],"replies":[{"embeddable":true,"href":"https:\/\/yogaslowflow.com\/index.php\/wp-json\/wp\/v2\/comments?post=1029"}],"version-history":[{"count":1,"href":"https:\/\/yogaslowflow.com\/index.php\/wp-json\/wp\/v2\/pages\/1029\/revisions"}],"predecessor-version":[{"id":1030,"href":"https:\/\/yogaslowflow.com\/index.php\/wp-json\/wp\/v2\/pages\/1029\/revisions\/1030"}],"wp:attachment":[{"href":"https:\/\/yogaslowflow.com\/index.php\/wp-json\/wp\/v2\/media?parent=1029"}],"curies":[{"name":"wp","href":"https:\/\/api.w.org\/{rel}","templated":true}]}}