{"id":421,"date":"2023-03-19T11:06:11","date_gmt":"2023-03-19T11:06:11","guid":{"rendered":"https:\/\/yogaslowflow.com\/?page_id=421"},"modified":"2023-04-28T07:35:25","modified_gmt":"2023-04-28T07:35:25","slug":"aviso-legal","status":"publish","type":"page","link":"https:\/\/yogaslowflow.com\/index.php\/aviso-legal\/","title":{"rendered":"Aviso Legal"},"content":{"rendered":"\n<p>Maite Garbizu G\u00f3mez \/ 47951199V \/ Av. Drassanes 27 planta 7 puerta 4 \/ 08001 Barcelona no puede asumir ninguna responsabilidad derivada del uso incorrecto, inapropiado o il\u00edcito de la informaci\u00f3n aparecida en la p\u00e1gina de Internet&nbsp;<\/p>\n\n\n\n<p>\u200b<\/p>\n\n\n\n<ul class=\"wp-block-list\">\n<li>La web de Maite Garbizu G\u00f3mez \/ 47951199V \/ Av. Drassanes 27 planta 7 puerta 4 \/ 08001 Barcelona tiene como fin dar a conocer al p\u00fablico general las actividades que realiza y los servicios que presta. Maite Garbizu G\u00f3mez \/ 47951199V \/ Av. Drassanes 27 planta 7 puerta 4 \/ 08001 Barcelona se reserva la facultad de efectuar, en cualquier momento y sin previo aviso, modificaciones de la informaci\u00f3n contenida en su web.<\/li>\n<\/ul>\n\n\n\n<p>\u200b<\/p>\n\n\n\n<ul class=\"wp-block-list\">\n<li>Con los l\u00edmites establecidos en la ley, Maite Garbizu G\u00f3mez \/ 47951199V \/ Av. Drassanes 27 planta 7 puerta 4 \/ 08001 Barcelona no asume ninguna responsabilidad derivada de la falta de veracidad, integridad, actualizaci\u00f3n y precisi\u00f3n de los datos o informaciones que se contienen en sus p\u00e1ginas de Internet. Los contenidos e informaci\u00f3n no vinculan a Maite Garbizu G\u00f3mez \/ 47951199V \/ Av. Drassanes 27 planta 7 puerta 4 \/ 08001 Barcelona ni constituyen opiniones, consejos o asesoramiento legal de ning\u00fan tipo pues se trata meramente de un servicio ofrecido con car\u00e1cter informativo y divulgativo. La p\u00e1gina de Internet de Maite Garbizu G\u00f3mez \/ 47951199V \/ Av. Drassanes 27 planta 7 puerta 4 \/ 08001 Barcelona puede contener enlaces (links) a otras p\u00e1ginas de terceras partes que Maite Garbizu G\u00f3mez \/ 47951199V \/ Av. Drassanes 27 planta 7 puerta 4 \/ 08001 Barcelona no puede controlar. Por lo tanto, Maite Garbizu G\u00f3mez \/ 47951199V \/ Av. Drassanes 27 planta 7 puerta 4 \/ 08001 Barcelona no puede asumir responsabilidades por el contenido que pueda aparecer en p\u00e1ginas de terceros. Los textos, im\u00e1genes, sonidos, animaciones, software y el resto de contenidos incluidos en este website son propiedad exclusiva de Maite Garbizu G\u00f3mez \/ 47951199V \/ Av. Drassanes 27 planta 7 puerta 4 \/ 08001 Barcelona o sus licenciantes. Cualquier acto de transmisi\u00f3n, distribuci\u00f3n, cesi\u00f3n, reproducci\u00f3n, almacenamiento o comunicaci\u00f3n p\u00fablica total o parcial, debe contar con el consentimiento expreso de Maite Garbizu G\u00f3mez \/ 47951199V \/ Av. Drassanes 27 planta 7 puerta 4 \/ 08001 Barcelona<\/li>\n<\/ul>\n","protected":false},"excerpt":{"rendered":"<p>Maite Garbizu G\u00f3mez \/ 47951199V \/ Av. Drassanes 27 planta 7 puerta 4 \/ 08001 Barcelona no puede asumir ninguna responsabilidad derivada del uso incorrecto, inapropiado o il\u00edcito de la informaci\u00f3n aparecida en la p\u00e1gina de Internet&nbsp; \u200b \u200b<\/p>\n","protected":false},"author":1,"featured_media":0,"parent":0,"menu_order":0,"comment_status":"closed","ping_status":"closed","template":"elementor_header_footer","meta":{"om_disable_all_campaigns":false,"_monsterinsights_skip_tracking":false,"_monsterinsights_sitenote_active":false,"_monsterinsights_sitenote_note":"","_monsterinsights_sitenote_category":0,"_themeisle_gutenberg_block_has_review":false,"footnotes":""},"class_list":["post-421","page","type-page","status-publish","hentry"],"aioseo_notices":[],"yoast_head":"<!-- This site is optimized with the Yoast SEO plugin v20.3 - https:\/\/yoast.com\/wordpress\/plugins\/seo\/ -->\n<title>Aviso Legal - YOGA SLOWFLOW<\/title>\n<meta name=\"robots\" content=\"index, follow, max-snippet:-1, max-image-preview:large, max-video-preview:-1\" \/>\n<link rel=\"canonical\" href=\"https:\/\/yogaslowflow.com\/index.php\/aviso-legal\/\" \/>\n<meta property=\"og:locale\" content=\"es_ES\" \/>\n<meta property=\"og:type\" content=\"article\" \/>\n<meta property=\"og:title\" content=\"Aviso Legal - YOGA SLOWFLOW\" \/>\n<meta property=\"og:description\" content=\"Maite Garbizu G\u00f3mez \/ 47951199V \/ Av. Drassanes 27 planta 7 puerta 4 \/ 08001 Barcelona no puede asumir ninguna responsabilidad derivada del uso incorrecto, inapropiado o il\u00edcito de la informaci\u00f3n aparecida en la p\u00e1gina de Internet&nbsp; \u200b \u200b\" \/>\n<meta property=\"og:url\" content=\"https:\/\/yogaslowflow.com\/index.php\/aviso-legal\/\" \/>\n<meta property=\"og:site_name\" content=\"YOGA SLOWFLOW\" \/>\n<meta property=\"article:modified_time\" content=\"2023-04-28T07:35:25+00:00\" \/>\n<meta name=\"twitter:card\" content=\"summary_large_image\" \/>\n<meta name=\"twitter:label1\" content=\"Tiempo de lectura\" \/>\n\t<meta name=\"twitter:data1\" content=\"2 minutos\" \/>\n<script type=\"application\/ld+json\" class=\"yoast-schema-graph\">{\"@context\":\"https:\/\/schema.org\",\"@graph\":[{\"@type\":\"WebPage\",\"@id\":\"https:\/\/yogaslowflow.com\/index.php\/aviso-legal\/\",\"url\":\"https:\/\/yogaslowflow.com\/index.php\/aviso-legal\/\",\"name\":\"Aviso Legal - YOGA SLOWFLOW\",\"isPartOf\":{\"@id\":\"https:\/\/yogaslowflow.com\/#website\"},\"datePublished\":\"2023-03-19T11:06:11+00:00\",\"dateModified\":\"2023-04-28T07:35:25+00:00\",\"breadcrumb\":{\"@id\":\"https:\/\/yogaslowflow.com\/index.php\/aviso-legal\/#breadcrumb\"},\"inLanguage\":\"es\",\"potentialAction\":[{\"@type\":\"ReadAction\",\"target\":[\"https:\/\/yogaslowflow.com\/index.php\/aviso-legal\/\"]}]},{\"@type\":\"BreadcrumbList\",\"@id\":\"https:\/\/yogaslowflow.com\/index.php\/aviso-legal\/#breadcrumb\",\"itemListElement\":[{\"@type\":\"ListItem\",\"position\":1,\"name\":\"Portada\",\"item\":\"https:\/\/yogaslowflow.com\/\"},{\"@type\":\"ListItem\",\"position\":2,\"name\":\"Aviso Legal\"}]},{\"@type\":\"WebSite\",\"@id\":\"https:\/\/yogaslowflow.com\/#website\",\"url\":\"https:\/\/yogaslowflow.com\/\",\"name\":\"YOGA SLOWFLOW\",\"description\":\"Follow your breath\",\"publisher\":{\"@id\":\"https:\/\/yogaslowflow.com\/#organization\"},\"potentialAction\":[{\"@type\":\"SearchAction\",\"target\":{\"@type\":\"EntryPoint\",\"urlTemplate\":\"https:\/\/yogaslowflow.com\/?s={search_term_string}\"},\"query-input\":\"required name=search_term_string\"}],\"inLanguage\":\"es\"},{\"@type\":\"Organization\",\"@id\":\"https:\/\/yogaslowflow.com\/#organization\",\"name\":\"YOGA SLOWFLOW\",\"url\":\"https:\/\/yogaslowflow.com\/\",\"logo\":{\"@type\":\"ImageObject\",\"inLanguage\":\"es\",\"@id\":\"https:\/\/yogaslowflow.com\/#\/schema\/logo\/image\/\",\"url\":\"https:\/\/yogaslowflow.com\/wp-content\/uploads\/2023\/04\/logo_yoga.png\",\"contentUrl\":\"https:\/\/yogaslowflow.com\/wp-content\/uploads\/2023\/04\/logo_yoga.png\",\"width\":3341,\"height\":3232,\"caption\":\"YOGA SLOWFLOW\"},\"image\":{\"@id\":\"https:\/\/yogaslowflow.com\/#\/schema\/logo\/image\/\"},\"sameAs\":[\"https:\/\/www.instagram.com\/yoga_slow_flow\/\"]}]}<\/script>\n<!-- \/ Yoast SEO plugin. -->","yoast_head_json":{"title":"Aviso Legal - YOGA SLOWFLOW","robots":{"index":"index","follow":"follow","max-snippet":"max-snippet:-1","max-image-preview":"max-image-preview:large","max-video-preview":"max-video-preview:-1"},"canonical":"https:\/\/yogaslowflow.com\/index.php\/aviso-legal\/","og_locale":"es_ES","og_type":"article","og_title":"Aviso Legal - YOGA SLOWFLOW","og_description":"Maite Garbizu G\u00f3mez \/ 47951199V \/ Av. Drassanes 27 planta 7 puerta 4 \/ 08001 Barcelona no puede asumir ninguna responsabilidad derivada del uso incorrecto, inapropiado o il\u00edcito de la informaci\u00f3n aparecida en la p\u00e1gina de Internet&nbsp; \u200b \u200b","og_url":"https:\/\/yogaslowflow.com\/index.php\/aviso-legal\/","og_site_name":"YOGA SLOWFLOW","article_modified_time":"2023-04-28T07:35:25+00:00","twitter_card":"summary_large_image","twitter_misc":{"Tiempo de lectura":"2 minutos"},"schema":{"@context":"https:\/\/schema.org","@graph":[{"@type":"WebPage","@id":"https:\/\/yogaslowflow.com\/index.php\/aviso-legal\/","url":"https:\/\/yogaslowflow.com\/index.php\/aviso-legal\/","name":"Aviso Legal - YOGA SLOWFLOW","isPartOf":{"@id":"https:\/\/yogaslowflow.com\/#website"},"datePublished":"2023-03-19T11:06:11+00:00","dateModified":"2023-04-28T07:35:25+00:00","breadcrumb":{"@id":"https:\/\/yogaslowflow.com\/index.php\/aviso-legal\/#breadcrumb"},"inLanguage":"es","potentialAction":[{"@type":"ReadAction","target":["https:\/\/yogaslowflow.com\/index.php\/aviso-legal\/"]}]},{"@type":"BreadcrumbList","@id":"https:\/\/yogaslowflow.com\/index.php\/aviso-legal\/#breadcrumb","itemListElement":[{"@type":"ListItem","position":1,"name":"Portada","item":"https:\/\/yogaslowflow.com\/"},{"@type":"ListItem","position":2,"name":"Aviso Legal"}]},{"@type":"WebSite","@id":"https:\/\/yogaslowflow.com\/#website","url":"https:\/\/yogaslowflow.com\/","name":"YOGA SLOWFLOW","description":"Follow your breath","publisher":{"@id":"https:\/\/yogaslowflow.com\/#organization"},"potentialAction":[{"@type":"SearchAction","target":{"@type":"EntryPoint","urlTemplate":"https:\/\/yogaslowflow.com\/?s={search_term_string}"},"query-input":"required name=search_term_string"}],"inLanguage":"es"},{"@type":"Organization","@id":"https:\/\/yogaslowflow.com\/#organization","name":"YOGA SLOWFLOW","url":"https:\/\/yogaslowflow.com\/","logo":{"@type":"ImageObject","inLanguage":"es","@id":"https:\/\/yogaslowflow.com\/#\/schema\/logo\/image\/","url":"https:\/\/yogaslowflow.com\/wp-content\/uploads\/2023\/04\/logo_yoga.png","contentUrl":"https:\/\/yogaslowflow.com\/wp-content\/uploads\/2023\/04\/logo_yoga.png","width":3341,"height":3232,"caption":"YOGA SLOWFLOW"},"image":{"@id":"https:\/\/yogaslowflow.com\/#\/schema\/logo\/image\/"},"sameAs":["https:\/\/www.instagram.com\/yoga_slow_flow\/"]}]}},"jetpack_sharing_enabled":true,"_links":{"self":[{"href":"https:\/\/yogaslowflow.com\/index.php\/wp-json\/wp\/v2\/pages\/421","targetHints":{"allow":["GET"]}}],"collection":[{"href":"https:\/\/yogaslowflow.com\/index.php\/wp-json\/wp\/v2\/pages"}],"about":[{"href":"https:\/\/yogaslowflow.com\/index.php\/wp-json\/wp\/v2\/types\/page"}],"author":[{"embeddable":true,"href":"https:\/\/yogaslowflow.com\/index.php\/wp-json\/wp\/v2\/users\/1"}],"replies":[{"embeddable":true,"href":"https:\/\/yogaslowflow.com\/index.php\/wp-json\/wp\/v2\/comments?post=421"}],"version-history":[{"count":5,"href":"https:\/\/yogaslowflow.com\/index.php\/wp-json\/wp\/v2\/pages\/421\/revisions"}],"predecessor-version":[{"id":1026,"href":"https:\/\/yogaslowflow.com\/index.php\/wp-json\/wp\/v2\/pages\/421\/revisions\/1026"}],"wp:attachment":[{"href":"https:\/\/yogaslowflow.com\/index.php\/wp-json\/wp\/v2\/media?parent=421"}],"curies":[{"name":"wp","href":"https:\/\/api.w.org\/{rel}","templated":true}]}}